{"id":1096,"date":"2024-10-23T07:18:03","date_gmt":"2024-10-23T07:18:03","guid":{"rendered":"https:\/\/www.nativu.org\/?page_id=1096"},"modified":"2024-11-17T14:14:53","modified_gmt":"2024-11-17T14:14:53","slug":"accueil","status":"publish","type":"page","link":"https:\/\/www.nativu.org\/","title":{"rendered":"Accueil"},"content":{"rendered":"\n<div class=\"wp-block-cover\"><span aria-hidden=\"true\" class=\"wp-block-cover__background has-ast-global-color-8-background-color has-background-dim-20 has-background-dim\"><\/span><img loading=\"lazy\" decoding=\"async\" width=\"2560\" height=\"1035\" class=\"wp-block-cover__image-background wp-image-1145\" alt=\"\" src=\"https:\/\/www.nativu.org\/wp-content\/uploads\/2024\/10\/IMG_1878-scaled.jpg\" data-object-fit=\"cover\" srcset=\"https:\/\/www.nativu.org\/wp-content\/uploads\/2024\/10\/IMG_1878-scaled.jpg 2560w, https:\/\/www.nativu.org\/wp-content\/uploads\/2024\/10\/IMG_1878-300x121.jpg 300w, https:\/\/www.nativu.org\/wp-content\/uploads\/2024\/10\/IMG_1878-1024x414.jpg 1024w, https:\/\/www.nativu.org\/wp-content\/uploads\/2024\/10\/IMG_1878-768x310.jpg 768w, https:\/\/www.nativu.org\/wp-content\/uploads\/2024\/10\/IMG_1878-1536x621.jpg 1536w, https:\/\/www.nativu.org\/wp-content\/uploads\/2024\/10\/IMG_1878-2048x828.jpg 2048w\" sizes=\"auto, (max-width: 2560px) 100vw, 2560px\" \/><div class=\"wp-block-cover__inner-container is-layout-flow wp-block-cover-is-layout-flow\">\n<p class=\"has-text-align-center has-ast-global-color-5-color has-text-color has-link-color has-medium-font-size wp-elements-8a158d5198fbd76be1a390d5cc9bab76\">Nativu est une association loi 1901 cr\u00e9\u00e9e en 2005 dont l\u2019activit\u00e9 concerne la protection de l\u2019environnement, le maintien et le d\u00e9veloppement \u00e9conomique, la mise en valeur du patrimoine naturel, culturel, b\u00e2ti de Patrimonio, ainsi que l\u2019organisation d\u2019activit\u00e9s de loisirs.<\/p>\n\n\n\n<p class=\"has-text-align-center has-ast-global-color-5-color has-text-color has-link-color has-medium-font-size wp-elements-d8a69b7a26ae4f1937d1e50574a7a5a5\">Nativu, profond\u00e9ment enracin\u00e9 dans le village de Patrimonio, rassemble les diff\u00e9rentes g\u00e9n\u00e9rations autour d&rsquo;\u00e9v\u00e9nements qui maintiennent le tissu communautaire.<\/p>\n\n\n\n<p class=\"has-text-align-center has-ast-global-color-5-color has-text-color has-link-color has-medium-font-size wp-elements-c03e4ba38d57c5875dea2241702c0a90\">A travers diff\u00e9rentes activit\u00e9s, Nativu cherche \u00e0 rompre l&rsquo;isolement des a\u00een\u00e9s et \u00e0 raviver le lien des jeunes avec leur terre et leur h\u00e9ritage. Chaque initiative est pens\u00e9e pour cr\u00e9er des moments authentiques de partage et de transmission, o\u00f9 les habitants, jeunes et moins jeunes, se reconnectent avec leur village et son histoire.<\/p>\n\n\n\n<div class=\"wp-block-buttons is-content-justification-center is-layout-flex wp-container-core-buttons-is-layout-a89b3969 wp-block-buttons-is-layout-flex\">\n<div class=\"wp-block-button\"><a class=\"wp-block-button__link wp-element-button\" href=\"https:\/\/www.nativu.org\/?page_id=1108\">Actualit\u00e9s<\/a><\/div>\n<\/div>\n<\/div><\/div>\n\n\n\n<p><\/p>\n","protected":false},"excerpt":{"rendered":"","protected":false},"author":1,"featured_media":0,"parent":0,"menu_order":0,"comment_status":"closed","ping_status":"closed","template":"","meta":{"site-sidebar-layout":"no-sidebar","site-content-layout":"","ast-site-content-layout":"normal-width-container","site-content-style":"boxed","site-sidebar-style":"default","ast-global-header-display":"","ast-banner-title-visibility":"","ast-main-header-display":"","ast-hfb-above-header-display":"","ast-hfb-below-header-display":"","ast-hfb-mobile-header-display":"","site-post-title":"disabled","ast-breadcrumbs-content":"","ast-featured-img":"disabled","footer-sml-layout":"","ast-disable-related-posts":"","theme-transparent-header-meta":"","adv-header-id-meta":"","stick-header-meta":"","header-above-stick-meta":"","header-main-stick-meta":"","header-below-stick-meta":"","astra-migrate-meta-layouts":"default","ast-page-background-enabled":"default","ast-page-background-meta":{"desktop":{"background-color":"var(--ast-global-color-4)","background-image":"","background-repeat":"repeat","background-position":"center center","background-size":"auto","background-attachment":"scroll","background-type":"","background-media":"","overlay-type":"","overlay-color":"","overlay-opacity":"","overlay-gradient":""},"tablet":{"background-color":"","background-image":"","background-repeat":"repeat","background-position":"center center","background-size":"auto","background-attachment":"scroll","background-type":"","background-media":"","overlay-type":"","overlay-color":"","overlay-opacity":"","overlay-gradient":""},"mobile":{"background-color":"","background-image":"","background-repeat":"repeat","background-position":"center center","background-size":"auto","background-attachment":"scroll","background-type":"","background-media":"","overlay-type":"","overlay-color":"","overlay-opacity":"","overlay-gradient":""}},"ast-content-background-meta":{"desktop":{"background-color":"var(--ast-global-color-5)","background-image":"","background-repeat":"repeat","background-position":"center center","background-size":"auto","background-attachment":"scroll","background-type":"","background-media":"","overlay-type":"","overlay-color":"","overlay-opacity":"","overlay-gradient":""},"tablet":{"background-color":"var(--ast-global-color-5)","background-image":"","background-repeat":"repeat","background-position":"center center","background-size":"auto","background-attachment":"scroll","background-type":"","background-media":"","overlay-type":"","overlay-color":"","overlay-opacity":"","overlay-gradient":""},"mobile":{"background-color":"var(--ast-global-color-5)","background-image":"","background-repeat":"repeat","background-position":"center center","background-size":"auto","background-attachment":"scroll","background-type":"","background-media":"","overlay-type":"","overlay-color":"","overlay-opacity":"","overlay-gradient":""}},"footnotes":""},"class_list":["post-1096","page","type-page","status-publish","hentry"],"_links":{"self":[{"href":"https:\/\/www.nativu.org\/index.php?rest_route=\/wp\/v2\/pages\/1096","targetHints":{"allow":["GET"]}}],"collection":[{"href":"https:\/\/www.nativu.org\/index.php?rest_route=\/wp\/v2\/pages"}],"about":[{"href":"https:\/\/www.nativu.org\/index.php?rest_route=\/wp\/v2\/types\/page"}],"author":[{"embeddable":true,"href":"https:\/\/www.nativu.org\/index.php?rest_route=\/wp\/v2\/users\/1"}],"replies":[{"embeddable":true,"href":"https:\/\/www.nativu.org\/index.php?rest_route=%2Fwp%2Fv2%2Fcomments&post=1096"}],"version-history":[{"count":16,"href":"https:\/\/www.nativu.org\/index.php?rest_route=\/wp\/v2\/pages\/1096\/revisions"}],"predecessor-version":[{"id":1682,"href":"https:\/\/www.nativu.org\/index.php?rest_route=\/wp\/v2\/pages\/1096\/revisions\/1682"}],"wp:attachment":[{"href":"https:\/\/www.nativu.org\/index.php?rest_route=%2Fwp%2Fv2%2Fmedia&parent=1096"}],"curies":[{"name":"wp","href":"https:\/\/api.w.org\/{rel}","templated":true}]}}